{"id":2,"date":"2023-08-29T14:20:19","date_gmt":"2023-08-29T12:20:19","guid":{"rendered":"http:\/\/steelart.ovh\/?page_id=2"},"modified":"2023-09-23T05:07:26","modified_gmt":"2023-09-23T03:07:26","slug":"page-d-exemple","status":"publish","type":"page","link":"https:\/\/steelart.ovh\/index.php\/page-d-exemple\/","title":{"rendered":"\u00c0 propos"},"content":{"rendered":"\n<p id=\"a_propos\">SteelArt <\/p>\n\n\n\n<p>Par Serge Berreby<\/p>\n\n\n\n<div class=\"wp-block-columns is-layout-flex wp-container-core-columns-is-layout-28f84493 wp-block-columns-is-layout-flex\">\n<div class=\"wp-block-column is-layout-flow wp-block-column-is-layout-flow\" style=\"flex-basis:33.34%\">\n<p class=\"has-text-align-center\">&nbsp;Qui je suis <\/p>\n<\/div>\n\n\n\n<div class=\"wp-block-column is-layout-flow wp-block-column-is-layout-flow\" style=\"flex-basis:33.34%\"><\/div>\n\n\n\n<div class=\"wp-block-column is-layout-flow wp-block-column-is-layout-flow\" style=\"flex-basis:33.33%\">\n<div class=\"wp-block-buttons is-layout-flex wp-block-buttons-is-layout-flex\">\n<div class=\"wp-block-button has-custom-font-size has-small-font-size\" style=\"line-height:1.4\"><a class=\"wp-block-button__link has-cyan-bluish-gray-color has-foreground-background-color has-text-color has-background wp-element-button\" href=\"#realisations\" style=\"border-width:1px;border-radius:5px\">Realisations et Photos<\/a><\/div>\n<\/div>\n<\/div>\n<\/div>\n\n\n\n<p>Je suis n\u00e9 en 1952, \u00e0 Tunis. J\u2019ai commenc\u00e9 \u00e0 dessiner tr\u00e8s t\u00f4t. A treize ans est venu le temps de la photographie. A quatorze ans, j\u2019achetais mon premier appareil reflex. Vers 30 ans, j\u2019ai commenc\u00e9 \u00e0 sculpter et \u00e0 peindre. Le fait que je n\u2019ai jamais suivi de cours d\u2019arts plastiques implique que je ne sais pas copier. Ce que je fais en peinture et en sculpture, ne s\u2019inspire que de \u00ab mes visions c\u00e9r\u00e9brales&nbsp;\u00bb, m\u00e9lange de souvenirs, de m\u00e9moires et d\u2019\u00e9tat d\u2019\u00e2me de l\u2019instant pr\u00e9sent. Un morceau de bois, un bout de ferraille, trouv\u00e9 au hasard d\u2019une marche m\u2019interpelle, c\u2019est souvent le d\u00e9part d\u2019une pens\u00e9e productive de sculpture. Rares sont mes r\u00e9alisations que je consid\u00e8re comme achev\u00e9es. Je les conserve \u00e0 ma vue et je les modifie jusqu\u2019\u00e0 l\u2019instant o\u00f9 apparait un sentiment de pl\u00e9nitude quand je les regarde. Elles sont tr\u00e8s souvent sous-tendues par le Concept d\u2019architecture, qu\u2019il soit li\u00e9 \u00e0 l\u2019Art premier ou au Concept constructif de l\u2019\u0153uvre. En peinture et dessin, j\u2019ai explor\u00e9 un peu tous les styles et toutes techniques aquarelles, huiles, crayons, encre, un peu comme l\u2019enfant que j\u2019\u00e9tais, qui cherchait \u00e0 comprendre le fonctionnement des jouets \u00e9lectriques et m\u00e9caniques.<\/p>\n\n\n\n<p>Dipl\u00f4m\u00e9 d\u2019un troisi\u00e8me cycle de gestion et management et d\u2019un second cycle en g\u00e9nie civil, passionn\u00e9 d\u2019Architecture, Pilote d\u2019avions, d\u2019ULM, de motos, dipl\u00f4m\u00e9 de navigation hauturi\u00e8re, j\u2019ai profit\u00e9 de la vie au quotidien et beaucoup voyag\u00e9.<\/p>\n\n\n\n<p><strong>Les voyages, une partie de mes sources d\u2019inspiration<\/strong> :<\/p>\n\n\n\n<p>Je voyage depuis l\u2019\u00e2ge de 15 ans. Je suis parti seul avec mon sac \u00e0 dos en Isra\u00ebl. Par la suite, j\u2019ai eu la chance d\u2019aller en Chine, en Tha\u00eflande, en Am\u00e9rique du Nord, en Am\u00e9rique du Sud, en Italie, en Espagne, au Pays-Bas, aux Iles Canaries, aux Bal\u00e9ares, en Alg\u00e9rie. J\u2019ai travers\u00e9 \u00e0 24 ans l\u2019Europe \u00e0 moto, de Nice \u00e0 Istanbul, en passant par l\u2019Italie, la Yougoslavie, la Bulgarie, la Gr\u00e8ce, \u00e0 une \u00e9poque le communisme \u00e9tait en vigueur et o\u00f9 les fronti\u00e8res n\u2019\u00e9taient pas forc\u00e9ment faciles \u00e0 traverser. J\u2019ai fait plusieurs fois le tour de la Corse avec mon voilier de 13m que nous avons enti\u00e8rement construit avec ma femme. Au point que d\u00e9sormais, en recherche de s\u00e9r\u00e9nit\u00e9, ma vie actuelle dans le nord d\u2019Isra\u00ebl me laisse le temps de me consacrer \u00e0 la cr\u00e9ation de sculptures et de formes curieuses et cela est devenu trop prenant pour laisser place \u00e0 d\u2019autres activit\u00e9s.<\/p>\n\n\n\n<div style=\"height:23px\" aria-hidden=\"true\" class=\"wp-block-spacer\"><\/div>\n\n\n\n<p id=\"realisations\" style=\"font-size:1.6rem\">quelques-unes de mes r\u00e9alisations Photos, aquarelles, huiles.   <\/p>\n\n\n\n<p class=\"has-medium-font-size\">Photos en  noir &amp; blanc et en couleur      appareil Nikon D200<\/p>\n\n\n\n<p class=\"has-small-font-size\">Photos tir\u00e9es de mon book d&rsquo;une quinzaine de prises de vues : Zone no man&rsquo;s land<\/p>\n\n\n\n<div style=\"height:22px\" aria-hidden=\"true\" class=\"wp-block-spacer\"><\/div>\n\n\n\n<figure class=\"wp-block-image size-full\"><img loading=\"lazy\" decoding=\"async\" width=\"1021\" height=\"575\" src=\"http:\/\/steelart.ovh\/wp-content\/uploads\/2023\/09\/barbelle2L_P.jpg\" alt=\"\" class=\"wp-image-200\" srcset=\"https:\/\/steelart.ovh\/wp-content\/uploads\/2023\/09\/barbelle2L_P.jpg 1021w, https:\/\/steelart.ovh\/wp-content\/uploads\/2023\/09\/barbelle2L_P-300x169.jpg 300w, https:\/\/steelart.ovh\/wp-content\/uploads\/2023\/09\/barbelle2L_P-768x433.jpg 768w\" sizes=\"auto, (max-width: 1021px) 100vw, 1021px\" \/><\/figure>\n\n\n\n<figure class=\"wp-block-gallery has-nested-images columns-default is-cropped wp-block-gallery-1 is-layout-flex wp-block-gallery-is-layout-flex\">\n<figure class=\"wp-block-image size-full\"><img loading=\"lazy\" decoding=\"async\" width=\"1024\" height=\"452\" data-id=\"204\" src=\"http:\/\/steelart.ovh\/wp-content\/uploads\/2023\/09\/soleil-prisonnier3_P.jpg\" alt=\"\" class=\"wp-image-204\" srcset=\"https:\/\/steelart.ovh\/wp-content\/uploads\/2023\/09\/soleil-prisonnier3_P.jpg 1024w, https:\/\/steelart.ovh\/wp-content\/uploads\/2023\/09\/soleil-prisonnier3_P-300x132.jpg 300w, https:\/\/steelart.ovh\/wp-content\/uploads\/2023\/09\/soleil-prisonnier3_P-768x339.jpg 768w\" sizes=\"auto, (max-width: 1024px) 100vw, 1024px\" \/><\/figure>\n<\/figure>\n\n\n\n<div class=\"wp-block-group is-nowrap is-layout-flex wp-container-core-group-is-layout-6c531013 wp-block-group-is-layout-flex\">\n<p>Mon book th\u00e8me : Villes modernes <\/p>\n\n\n\n<p>        Mon book th\u00e8me : portraits<\/p>\n<\/div>\n\n\n\n<figure class=\"wp-block-gallery has-nested-images columns-default is-cropped wp-block-gallery-2 is-layout-flex wp-block-gallery-is-layout-flex\">\n<figure class=\"wp-block-image size-large\"><img loading=\"lazy\" decoding=\"async\" width=\"607\" height=\"1024\" data-id=\"153\" src=\"https:\/\/steelart.ovh\/wp-content\/uploads\/2023\/08\/barcelone-lampadaire-N-B.jpg\" alt=\"\" class=\"wp-image-153\" srcset=\"https:\/\/steelart.ovh\/wp-content\/uploads\/2023\/08\/barcelone-lampadaire-N-B.jpg 607w, https:\/\/steelart.ovh\/wp-content\/uploads\/2023\/08\/barcelone-lampadaire-N-B-178x300.jpg 178w\" sizes=\"auto, (max-width: 607px) 100vw, 607px\" \/><\/figure>\n\n\n\n<figure class=\"wp-block-image size-large\"><img loading=\"lazy\" decoding=\"async\" width=\"690\" height=\"1024\" data-id=\"154\" src=\"https:\/\/steelart.ovh\/wp-content\/uploads\/2023\/08\/autrecontrejour2.jpg\" alt=\"\" class=\"wp-image-154\" srcset=\"https:\/\/steelart.ovh\/wp-content\/uploads\/2023\/08\/autrecontrejour2.jpg 690w, https:\/\/steelart.ovh\/wp-content\/uploads\/2023\/08\/autrecontrejour2-202x300.jpg 202w\" sizes=\"auto, (max-width: 690px) 100vw, 690px\" \/><\/figure>\n<\/figure>\n\n\n\n<div style=\"height:42px\" aria-hidden=\"true\" class=\"wp-block-spacer\"><\/div>\n\n\n\n<p class=\"has-medium-font-size\">Projet de sculpture anamorphique :<\/p>\n\n\n\n<p> maquette carton : l&rsquo;execution finale sera en acier et bois hauteur : 2m<\/p>\n\n\n\n<div style=\"height:16px\" aria-hidden=\"true\" class=\"wp-block-spacer\"><\/div>\n\n\n\n<figure class=\"wp-block-gallery has-nested-images columns-default is-cropped wp-block-gallery-3 is-layout-flex wp-block-gallery-is-layout-flex\">\n<figure class=\"wp-block-image size-large\"><img loading=\"lazy\" decoding=\"async\" width=\"736\" height=\"1024\" data-id=\"159\" src=\"https:\/\/steelart.ovh\/wp-content\/uploads\/2023\/08\/anamorphisme2_P.jpg\" alt=\"\" class=\"wp-image-159\" srcset=\"https:\/\/steelart.ovh\/wp-content\/uploads\/2023\/08\/anamorphisme2_P.jpg 736w, https:\/\/steelart.ovh\/wp-content\/uploads\/2023\/08\/anamorphisme2_P-216x300.jpg 216w\" sizes=\"auto, (max-width: 736px) 100vw, 736px\" \/><\/figure>\n\n\n\n<figure class=\"wp-block-image size-large\"><img loading=\"lazy\" decoding=\"async\" width=\"519\" height=\"1024\" data-id=\"160\" src=\"https:\/\/steelart.ovh\/wp-content\/uploads\/2023\/08\/anamorphisme1_p.jpg\" alt=\"\" class=\"wp-image-160\" srcset=\"https:\/\/steelart.ovh\/wp-content\/uploads\/2023\/08\/anamorphisme1_p.jpg 519w, https:\/\/steelart.ovh\/wp-content\/uploads\/2023\/08\/anamorphisme1_p-152x300.jpg 152w\" sizes=\"auto, (max-width: 519px) 100vw, 519px\" \/><\/figure>\n<\/figure>\n\n\n\n<div style=\"height:72px\" aria-hidden=\"true\" class=\"wp-block-spacer\"><\/div>\n\n\n\n<p class=\"has-medium-font-size\">Aquarelles  : celle de gauche a \u00e9t\u00e9 r\u00e9alis\u00e9e avec un seul trait de crayon sans croisement ni interruption. <\/p>\n\n\n\n<div style=\"height:40px\" aria-hidden=\"true\" class=\"wp-block-spacer\"><\/div>\n\n\n\n<figure class=\"wp-block-gallery has-nested-images columns-default is-cropped wp-block-gallery-4 is-layout-flex wp-block-gallery-is-layout-flex\">\n<figure class=\"wp-block-image size-large\"><img loading=\"lazy\" decoding=\"async\" width=\"789\" height=\"1024\" data-id=\"163\" src=\"https:\/\/steelart.ovh\/wp-content\/uploads\/2023\/08\/portrait-1-trait_P.jpg\" alt=\"\" class=\"wp-image-163\" srcset=\"https:\/\/steelart.ovh\/wp-content\/uploads\/2023\/08\/portrait-1-trait_P.jpg 789w, https:\/\/steelart.ovh\/wp-content\/uploads\/2023\/08\/portrait-1-trait_P-231x300.jpg 231w, https:\/\/steelart.ovh\/wp-content\/uploads\/2023\/08\/portrait-1-trait_P-768x997.jpg 768w\" sizes=\"auto, (max-width: 789px) 100vw, 789px\" \/><\/figure>\n\n\n\n<figure class=\"wp-block-image size-large\"><img loading=\"lazy\" decoding=\"async\" width=\"1024\" height=\"953\" data-id=\"162\" src=\"https:\/\/steelart.ovh\/wp-content\/uploads\/2023\/08\/barque-classique-aquarelle1_P.jpg\" alt=\"\" class=\"wp-image-162\" srcset=\"https:\/\/steelart.ovh\/wp-content\/uploads\/2023\/08\/barque-classique-aquarelle1_P.jpg 1024w, https:\/\/steelart.ovh\/wp-content\/uploads\/2023\/08\/barque-classique-aquarelle1_P-300x279.jpg 300w, https:\/\/steelart.ovh\/wp-content\/uploads\/2023\/08\/barque-classique-aquarelle1_P-768x715.jpg 768w\" sizes=\"auto, (max-width: 1024px) 100vw, 1024px\" \/><\/figure>\n<\/figure>\n\n\n\n<div style=\"height:82px\" aria-hidden=\"true\" class=\"wp-block-spacer\"><\/div>\n\n\n\n<p>huiles sur toiles  sur le th\u00e8me : des villes .<\/p>\n\n\n\n<div style=\"height:16px\" aria-hidden=\"true\" class=\"wp-block-spacer\"><\/div>\n\n\n\n<figure class=\"wp-block-gallery has-nested-images columns-default is-cropped wp-block-gallery-5 is-layout-flex wp-block-gallery-is-layout-flex\">\n<figure class=\"wp-block-image size-large\"><img loading=\"lazy\" decoding=\"async\" width=\"728\" height=\"1024\" data-id=\"164\" src=\"https:\/\/steelart.ovh\/wp-content\/uploads\/2023\/08\/ville-enchevetree-jaune-noire-et-blanche1_P.jpg\" alt=\"\" class=\"wp-image-164\" srcset=\"https:\/\/steelart.ovh\/wp-content\/uploads\/2023\/08\/ville-enchevetree-jaune-noire-et-blanche1_P.jpg 728w, https:\/\/steelart.ovh\/wp-content\/uploads\/2023\/08\/ville-enchevetree-jaune-noire-et-blanche1_P-213x300.jpg 213w\" sizes=\"auto, (max-width: 728px) 100vw, 728px\" \/><\/figure>\n\n\n\n<figure class=\"wp-block-image size-large\"><img loading=\"lazy\" decoding=\"async\" width=\"808\" height=\"1024\" data-id=\"161\" src=\"https:\/\/steelart.ovh\/wp-content\/uploads\/2023\/08\/ville-NB-jaune-1_P.jpg\" alt=\"\" class=\"wp-image-161\" srcset=\"https:\/\/steelart.ovh\/wp-content\/uploads\/2023\/08\/ville-NB-jaune-1_P.jpg 808w, https:\/\/steelart.ovh\/wp-content\/uploads\/2023\/08\/ville-NB-jaune-1_P-237x300.jpg 237w, https:\/\/steelart.ovh\/wp-content\/uploads\/2023\/08\/ville-NB-jaune-1_P-768x973.jpg 768w\" sizes=\"auto, (max-width: 808px) 100vw, 808px\" \/><\/figure>\n<\/figure>\n\n\n\n<p>Suite..<\/p>\n\n\n\n<figure class=\"wp-block-gallery has-nested-images columns-default is-cropped wp-block-gallery-6 is-layout-flex wp-block-gallery-is-layout-flex\">\n<figure class=\"wp-block-image size-large\"><img loading=\"lazy\" decoding=\"async\" width=\"681\" height=\"1024\" data-id=\"165\" src=\"https:\/\/steelart.ovh\/wp-content\/uploads\/2023\/08\/vieilleVille-50x70-1.jpg\" alt=\"\" class=\"wp-image-165\" srcset=\"https:\/\/steelart.ovh\/wp-content\/uploads\/2023\/08\/vieilleVille-50x70-1.jpg 681w, https:\/\/steelart.ovh\/wp-content\/uploads\/2023\/08\/vieilleVille-50x70-1-200x300.jpg 200w\" sizes=\"auto, (max-width: 681px) 100vw, 681px\" \/><\/figure>\n\n\n\n<figure class=\"wp-block-image size-large\"><img loading=\"lazy\" decoding=\"async\" width=\"724\" height=\"1024\" data-id=\"166\" src=\"https:\/\/steelart.ovh\/wp-content\/uploads\/2023\/08\/ville-brune-1_P.jpg\" alt=\"\" class=\"wp-image-166\" srcset=\"https:\/\/steelart.ovh\/wp-content\/uploads\/2023\/08\/ville-brune-1_P.jpg 724w, https:\/\/steelart.ovh\/wp-content\/uploads\/2023\/08\/ville-brune-1_P-212x300.jpg 212w\" sizes=\"auto, (max-width: 724px) 100vw, 724px\" \/><\/figure>\n<\/figure>\n\n\n\n<div style=\"height:53px\" aria-hidden=\"true\" class=\"wp-block-spacer\"><\/div>\n\n\n\n<p>Souvenirs <\/p>\n\n\n\n<figure class=\"wp-block-gallery has-nested-images columns-default is-cropped wp-block-gallery-7 is-layout-flex wp-block-gallery-is-layout-flex\">\n<figure class=\"wp-block-image size-full\"><img loading=\"lazy\" decoding=\"async\" width=\"960\" height=\"1011\" data-id=\"275\" src=\"http:\/\/steelart.ovh\/wp-content\/uploads\/2023\/09\/SERGE_1.jpg\" alt=\"\" class=\"wp-image-275\" srcset=\"https:\/\/steelart.ovh\/wp-content\/uploads\/2023\/09\/SERGE_1.jpg 960w, https:\/\/steelart.ovh\/wp-content\/uploads\/2023\/09\/SERGE_1-285x300.jpg 285w, https:\/\/steelart.ovh\/wp-content\/uploads\/2023\/09\/SERGE_1-768x809.jpg 768w\" sizes=\"auto, (max-width: 960px) 100vw, 960px\" \/><\/figure>\n\n\n\n<figure class=\"wp-block-image size-large\"><img loading=\"lazy\" decoding=\"async\" width=\"241\" height=\"239\" data-id=\"32\" src=\"https:\/\/steelart.ovh\/wp-content\/uploads\/2023\/08\/gillou-loulou-sergea.jpg\" alt=\"\" class=\"wp-image-32\" srcset=\"https:\/\/steelart.ovh\/wp-content\/uploads\/2023\/08\/gillou-loulou-sergea.jpg 241w, https:\/\/steelart.ovh\/wp-content\/uploads\/2023\/08\/gillou-loulou-sergea-150x150.jpg 150w\" sizes=\"auto, (max-width: 241px) 100vw, 241px\" \/><figcaption class=\"wp-element-caption\">Les ann\u00e9es insouciantes d&rsquo;etudiant<\/figcaption><\/figure>\n<\/figure>\n\n\n\n<figure class=\"wp-block-gallery has-nested-images columns-default is-cropped wp-block-gallery-8 is-layout-flex wp-block-gallery-is-layout-flex\">\n<figure class=\"wp-block-image size-large\"><img loading=\"lazy\" decoding=\"async\" width=\"1000\" height=\"1024\" data-id=\"91\" src=\"https:\/\/steelart.ovh\/wp-content\/uploads\/2023\/08\/coque4-1000x1024.jpg\" alt=\"\" class=\"wp-image-91\" srcset=\"https:\/\/steelart.ovh\/wp-content\/uploads\/2023\/08\/coque4-1000x1024.jpg 1000w, https:\/\/steelart.ovh\/wp-content\/uploads\/2023\/08\/coque4-293x300.jpg 293w, https:\/\/steelart.ovh\/wp-content\/uploads\/2023\/08\/coque4-768x787.jpg 768w, https:\/\/steelart.ovh\/wp-content\/uploads\/2023\/08\/coque4.jpg 1109w\" sizes=\"auto, (max-width: 1000px) 100vw, 1000px\" \/><figcaption class=\"wp-element-caption\">La construction<\/figcaption><\/figure>\n\n\n\n<figure class=\"wp-block-image size-large\"><img loading=\"lazy\" decoding=\"async\" width=\"700\" height=\"1024\" data-id=\"92\" src=\"https:\/\/steelart.ovh\/wp-content\/uploads\/2023\/08\/1ere-sortie001-700x1024.jpg\" alt=\"\" class=\"wp-image-92\" srcset=\"https:\/\/steelart.ovh\/wp-content\/uploads\/2023\/08\/1ere-sortie001-700x1024.jpg 700w, https:\/\/steelart.ovh\/wp-content\/uploads\/2023\/08\/1ere-sortie001-205x300.jpg 205w, https:\/\/steelart.ovh\/wp-content\/uploads\/2023\/08\/1ere-sortie001-768x1124.jpg 768w, https:\/\/steelart.ovh\/wp-content\/uploads\/2023\/08\/1ere-sortie001.jpg 1029w\" sizes=\"auto, (max-width: 700px) 100vw, 700px\" \/><figcaption class=\"wp-element-caption\">la navigation <\/figcaption><\/figure>\n\n\n\n<figure class=\"wp-block-image size-large\"><img loading=\"lazy\" decoding=\"async\" width=\"374\" height=\"472\" data-id=\"93\" src=\"https:\/\/steelart.ovh\/wp-content\/uploads\/2023\/08\/pontbat1.jpg\" alt=\"\" class=\"wp-image-93\" srcset=\"https:\/\/steelart.ovh\/wp-content\/uploads\/2023\/08\/pontbat1.jpg 374w, https:\/\/steelart.ovh\/wp-content\/uploads\/2023\/08\/pontbat1-238x300.jpg 238w\" sizes=\"auto, (max-width: 374px) 100vw, 374px\" \/><figcaption class=\"wp-element-caption\">le commandant a la barre par temps calme<\/figcaption><\/figure>\n<\/figure>\n\n\n\n<figure class=\"wp-block-gallery has-nested-images columns-default is-cropped wp-block-gallery-9 is-layout-flex wp-block-gallery-is-layout-flex\">\n<figure class=\"wp-block-image size-large\"><img loading=\"lazy\" decoding=\"async\" width=\"1024\" height=\"768\" data-id=\"97\" src=\"https:\/\/steelart.ovh\/wp-content\/uploads\/2023\/08\/AUT_0587-1024x768.jpg\" alt=\"\" class=\"wp-image-97\" srcset=\"https:\/\/steelart.ovh\/wp-content\/uploads\/2023\/08\/AUT_0587-1024x768.jpg 1024w, https:\/\/steelart.ovh\/wp-content\/uploads\/2023\/08\/AUT_0587-300x225.jpg 300w, https:\/\/steelart.ovh\/wp-content\/uploads\/2023\/08\/AUT_0587-768x576.jpg 768w, https:\/\/steelart.ovh\/wp-content\/uploads\/2023\/08\/AUT_0587.jpg 1280w\" sizes=\"auto, (max-width: 1024px) 100vw, 1024px\" \/><figcaption class=\"wp-element-caption\">renovation a Cassis<\/figcaption><\/figure>\n\n\n\n<figure class=\"wp-block-image size-large\"><img loading=\"lazy\" decoding=\"async\" width=\"1024\" height=\"768\" data-id=\"96\" src=\"https:\/\/steelart.ovh\/wp-content\/uploads\/2023\/08\/cassis-013-1024x768.jpg\" alt=\"\" class=\"wp-image-96\" srcset=\"https:\/\/steelart.ovh\/wp-content\/uploads\/2023\/08\/cassis-013-1024x768.jpg 1024w, https:\/\/steelart.ovh\/wp-content\/uploads\/2023\/08\/cassis-013-300x225.jpg 300w, https:\/\/steelart.ovh\/wp-content\/uploads\/2023\/08\/cassis-013-768x576.jpg 768w, https:\/\/steelart.ovh\/wp-content\/uploads\/2023\/08\/cassis-013.jpg 1280w\" sizes=\"auto, (max-width: 1024px) 100vw, 1024px\" \/><\/figure>\n\n\n\n<figure class=\"wp-block-image size-large\"><img loading=\"lazy\" decoding=\"async\" width=\"1024\" height=\"768\" data-id=\"95\" src=\"https:\/\/steelart.ovh\/wp-content\/uploads\/2023\/08\/AUT_0826-1024x768.jpg\" alt=\"\" class=\"wp-image-95\" srcset=\"https:\/\/steelart.ovh\/wp-content\/uploads\/2023\/08\/AUT_0826-1024x768.jpg 1024w, https:\/\/steelart.ovh\/wp-content\/uploads\/2023\/08\/AUT_0826-300x225.jpg 300w, https:\/\/steelart.ovh\/wp-content\/uploads\/2023\/08\/AUT_0826-768x576.jpg 768w, https:\/\/steelart.ovh\/wp-content\/uploads\/2023\/08\/AUT_0826.jpg 1280w\" sizes=\"auto, (max-width: 1024px) 100vw, 1024px\" \/><figcaption class=\"wp-element-caption\">un escalier fait maison pour une villa d&rsquo;exception<\/figcaption><\/figure>\n<\/figure>\n\n\n\n<p>Mon Email : sergeberreby@hotmail.fr<\/p>\n\n\n\n<p>N&rsquo;esitez pas a me contacter pour toutes questions, je vous r\u00e9pondrai rapidement.<\/p>\n\n\n\n<p>Me joindre sur WhatsApp : 00972528152960 <\/p>\n","protected":false},"excerpt":{"rendered":"<p>SteelArt Par Serge Berreby &nbsp;Qui je suis Je suis n\u00e9 en 1952, \u00e0 Tunis. J\u2019ai commenc\u00e9 \u00e0 dessiner tr\u00e8s t\u00f4t. A treize ans est venu le temps de la photographie. A quatorze ans, j\u2019achetais mon premier appareil reflex. Vers 30 ans, j\u2019ai commenc\u00e9 \u00e0 sculpter et \u00e0 peindre. Le fait que je n\u2019ai jamais suivi [&hellip;]<\/p>\n","protected":false},"author":1,"featured_media":0,"parent":0,"menu_order":0,"comment_status":"closed","ping_status":"open","template":"","meta":{"footnotes":""},"class_list":["post-2","page","type-page","status-publish","hentry"],"_links":{"self":[{"href":"https:\/\/steelart.ovh\/index.php\/wp-json\/wp\/v2\/pages\/2","targetHints":{"allow":["GET"]}}],"collection":[{"href":"https:\/\/steelart.ovh\/index.php\/wp-json\/wp\/v2\/pages"}],"about":[{"href":"https:\/\/steelart.ovh\/index.php\/wp-json\/wp\/v2\/types\/page"}],"author":[{"embeddable":true,"href":"https:\/\/steelart.ovh\/index.php\/wp-json\/wp\/v2\/users\/1"}],"replies":[{"embeddable":true,"href":"https:\/\/steelart.ovh\/index.php\/wp-json\/wp\/v2\/comments?post=2"}],"version-history":[{"count":53,"href":"https:\/\/steelart.ovh\/index.php\/wp-json\/wp\/v2\/pages\/2\/revisions"}],"predecessor-version":[{"id":279,"href":"https:\/\/steelart.ovh\/index.php\/wp-json\/wp\/v2\/pages\/2\/revisions\/279"}],"wp:attachment":[{"href":"https:\/\/steelart.ovh\/index.php\/wp-json\/wp\/v2\/media?parent=2"}],"curies":[{"name":"wp","href":"https:\/\/api.w.org\/{rel}","templated":true}]}}